{"id":72,"date":"2022-03-03T14:38:54","date_gmt":"2022-03-03T19:38:54","guid":{"rendered":"http:\/\/www.gmfdupetitbois.ca\/wp\/?page_id=72"},"modified":"2026-04-21T23:13:08","modified_gmt":"2026-04-22T03:13:08","slug":"nos-coordonnees","status":"publish","type":"page","link":"http:\/\/www.gmfdupetitbois.ca\/wp\/?page_id=72","title":{"rendered":"Nos coordonn\u00e9es"},"content":{"rendered":"<h5 style=\"text-align: center;\"><span style=\"color: #000000;\"><strong>HEURES D&rsquo;OUVERTURES<\/strong><\/span><\/h5>\n<p style=\"text-align: center;\"><span style=\"color: #808080;\">LUNDI &#8211; 8h30 \u00e0 20h00<\/span><\/p>\n<p style=\"text-align: center;\"><span style=\"color: #808080;\">MARDI &amp; MERCREDI &#8211; 8h30 \u00e0 16h30<\/span><\/p>\n<p style=\"text-align: center;\"><span style=\"color: #808080;\">JEUDI &#8211; 8h30 \u00e0 20h00<\/span><\/p>\n<p style=\"text-align: center;\"><span style=\"color: #808080;\">VENDREDI &#8211; 9h00 &#8211; 16h00<\/span><\/p>\n<p style=\"text-align: center;\"><span style=\"color: #808080;\">SAMEDI &#8211; 8h30 &#8211; 12h30<\/span><\/p>\n<p style=\"text-align: center;\"><span style=\"color: #808080;\">DIMANCHE &#8211; FERM\u00c9<\/span><\/p>\n<h6 style=\"text-align: center;\"><span style=\"color: #ff0000;\"><strong>*Les lignes t\u00e9l\u00e9phoniques sont ferm\u00e9es entre 11h30 et 13h.<\/strong><\/span><\/h6>\n<h5 style=\"text-align: center;\"><span style=\"color: #000000;\"><strong>ADRESSE<\/strong><\/span><\/h5>\n<p style=\"text-align: center;\"><span style=\"color: #808080;\">21-1471 Boul. Lionel-Boulet<\/span><span>, <\/span><span style=\"color: #808080;\">Varennes, Qu\u00e9bec, <\/span><span style=\"color: #808080;\">J3X 1P7<\/span><\/p>\n<p>&nbsp;<\/p>\n<hr \/>\n<h3 style=\"text-align: center;\"><span style=\"color: #333333;\"><strong>T\u00e9l\u00e9phone<\/strong><\/span><\/h3>\n<h5 style=\"text-align: center;\"><span style=\"color: #808080;\">450-652-2222<\/span><\/h5>\n<h3 style=\"text-align: center;\"><span style=\"color: #333333;\"><strong>T\u00e9l\u00e9copieur<\/strong><\/span><\/h3>\n<h5 style=\"text-align: center;\"><span style=\"color: #808080;\">450-652-3970<\/span><\/h5>\n<hr \/>\n<p style=\"text-align: center;\">\n","protected":false},"excerpt":{"rendered":"<p>HEURES D&rsquo;OUVERTURES LUNDI &#8211; 8h30 \u00e0 20h00 MARDI &amp; MERCREDI &#8211; 8h30 \u00e0 16h30 JEUDI &#8211; 8h30 \u00e0 20h00 VENDREDI &#8211; 9h00 &#8211; 16h00 SAMEDI &#8211; 8h30 &#8211; 12h30 DIMANCHE &#8211; FERM\u00c9 *Les lignes t\u00e9l\u00e9phoniques sont ferm\u00e9es entre 11h30 et 13h. ADRESSE 21-1471 Boul. Lionel-Boulet, Varennes, Qu\u00e9bec, J3X 1P7 &nbsp; T\u00e9l\u00e9phone 450-652-2222 T\u00e9l\u00e9copieur 450-652-3970<\/p>\n","protected":false},"author":1,"featured_media":0,"parent":0,"menu_order":0,"comment_status":"closed","ping_status":"closed","template":"","meta":{"footnotes":""},"class_list":["post-72","page","type-page","status-publish","hentry","entry"],"_links":{"self":[{"href":"http:\/\/www.gmfdupetitbois.ca\/wp\/index.php?rest_route=\/wp\/v2\/pages\/72","targetHints":{"allow":["GET"]}}],"collection":[{"href":"http:\/\/www.gmfdupetitbois.ca\/wp\/index.php?rest_route=\/wp\/v2\/pages"}],"about":[{"href":"http:\/\/www.gmfdupetitbois.ca\/wp\/index.php?rest_route=\/wp\/v2\/types\/page"}],"author":[{"embeddable":true,"href":"http:\/\/www.gmfdupetitbois.ca\/wp\/index.php?rest_route=\/wp\/v2\/users\/1"}],"replies":[{"embeddable":true,"href":"http:\/\/www.gmfdupetitbois.ca\/wp\/index.php?rest_route=%2Fwp%2Fv2%2Fcomments&post=72"}],"version-history":[{"count":27,"href":"http:\/\/www.gmfdupetitbois.ca\/wp\/index.php?rest_route=\/wp\/v2\/pages\/72\/revisions"}],"predecessor-version":[{"id":701,"href":"http:\/\/www.gmfdupetitbois.ca\/wp\/index.php?rest_route=\/wp\/v2\/pages\/72\/revisions\/701"}],"wp:attachment":[{"href":"http:\/\/www.gmfdupetitbois.ca\/wp\/index.php?rest_route=%2Fwp%2Fv2%2Fmedia&parent=72"}],"curies":[{"name":"wp","href":"https:\/\/api.w.org\/{rel}","templated":true}]}}