{"id":70,"date":"2022-03-03T14:31:00","date_gmt":"2022-03-03T19:31:00","guid":{"rendered":"http:\/\/www.gmfdupetitbois.ca\/wp\/?page_id=70"},"modified":"2026-04-28T09:21:21","modified_gmt":"2026-04-28T13:21:21","slug":"notre-equipe","status":"publish","type":"page","link":"http:\/\/www.gmfdupetitbois.ca\/wp\/?page_id=70","title":{"rendered":"L&rsquo;\u00e9quipe de la clinique"},"content":{"rendered":"<p><span style=\"color: #808080;\">Le GMF du Petit-Bois est un groupe de m\u00e9decine familiale qui travaille selon les 5 piliers de l&rsquo;acc\u00e8s adapt\u00e9, en interdisciplinarit\u00e9 avec d\u2019autres professionnels de la sant\u00e9, afin de favoriser une meilleure accessibilit\u00e9 et qualit\u00e9 des soins pour la patient\u00e8le inscrite au groupe. Les <\/span><span style=\"color: #808080;\">patients qui consultent pour une urgence mineure peuvent \u00eatre vus par un autre m\u00e9decin que le sien, ou un professionnel affili\u00e9 (infirmi\u00e8re, pharmacienne, physioth\u00e9rapeute, travailleuse sociale).<\/span><\/p>\n<h3><span style=\"color: #808080;\"><strong>Nos m\u00e9decins<\/strong><\/span><\/h3>\n<p><strong>Dre St\u00e9phanie Gervais<\/strong><\/p>\n<p><strong>Dr David Sauv<\/strong><\/p>\n<p><strong>Dr Gabriel Mathon<\/strong><\/p>\n<p><strong>Dre Milsa Bien-Aim\u00e9<\/strong><\/p>\n<p><strong>Dre Elisabeth Rajotte<\/strong><\/p>\n<p><strong>Dre Isabelle Bousquet-Racine (absence prolong\u00e9e)<\/strong><\/p>\n<p><strong>Dre Jessica-\u00c9lisabeth Risch (cong\u00e9 de maternit\u00e9)<\/strong><\/p>\n<p><strong>Dre Gabrielle Fortin (cong\u00e9 de maternit\u00e9)<\/strong><\/p>\n<h3><span style=\"color: #808080;\"><strong>Nos professionnels GMF<\/strong><\/span><\/h3>\n<p><strong>Justine Kieffer<\/strong>, IPSPL (maternit\u00e9)<\/p>\n<p><strong>Annie-Claude Cornellier<\/strong>, IPSPL<\/p>\n<p><strong>Audrey Rouleau<\/strong>, inf. B. Sc., Infirmi\u00e8re clinicienne<\/p>\n<p><strong>Val\u00e9rie Charron<\/strong>, inf. B. Sc., Infirmi\u00e8re clinicienne<\/p>\n<p><strong>Genevi\u00e8ve Lacroix<\/strong>, pharmD, Pharmacienne<\/p>\n<p><strong>Catherine Guay<\/strong>, pharmD, Pharmacienne<\/p>\n<p><strong>David Moreau<\/strong>, pht, Physioth\u00e9rapeute<\/p>\n<p><strong>Nancy Peltier<\/strong>, T.S, Travailleuse sociale<\/p>\n<p><strong>Nathalie Cloutier-Fons<\/strong>, T.S, Travailleuse sociale<\/p>\n<p><strong>Lydia Auger<\/strong>, Intervenante psychosociale (sexologue)<\/p>\n<p><strong>Cindy Parenteau<\/strong>, Intervenante psychosociale (criminologue)<\/p>\n<p><strong>Karine Auger<\/strong>, Ps.\u00e9d.<\/p>\n","protected":false},"excerpt":{"rendered":"<p>Le GMF du Petit-Bois est un groupe de m\u00e9decine familiale qui travaille selon les 5 piliers de l&rsquo;acc\u00e8s adapt\u00e9, en interdisciplinarit\u00e9 avec d\u2019autres professionnels de la sant\u00e9, afin de favoriser une meilleure accessibilit\u00e9 et qualit\u00e9 des soins pour la patient\u00e8le inscrite au groupe. Les patients qui consultent pour une urgence mineure peuvent \u00eatre vus par<a class=\"more-link\" href=\"http:\/\/www.gmfdupetitbois.ca\/wp\/?page_id=70\">Lire la suite <span class=\"screen-reader-text\">\u00ab\u00a0L&rsquo;\u00e9quipe de la clinique\u00a0\u00bb<\/span><\/a><\/p>\n","protected":false},"author":1,"featured_media":178,"parent":0,"menu_order":0,"comment_status":"closed","ping_status":"closed","template":"","meta":{"footnotes":""},"class_list":["post-70","page","type-page","status-publish","has-post-thumbnail","hentry","entry"],"_links":{"self":[{"href":"http:\/\/www.gmfdupetitbois.ca\/wp\/index.php?rest_route=\/wp\/v2\/pages\/70","targetHints":{"allow":["GET"]}}],"collection":[{"href":"http:\/\/www.gmfdupetitbois.ca\/wp\/index.php?rest_route=\/wp\/v2\/pages"}],"about":[{"href":"http:\/\/www.gmfdupetitbois.ca\/wp\/index.php?rest_route=\/wp\/v2\/types\/page"}],"author":[{"embeddable":true,"href":"http:\/\/www.gmfdupetitbois.ca\/wp\/index.php?rest_route=\/wp\/v2\/users\/1"}],"replies":[{"embeddable":true,"href":"http:\/\/www.gmfdupetitbois.ca\/wp\/index.php?rest_route=%2Fwp%2Fv2%2Fcomments&post=70"}],"version-history":[{"count":31,"href":"http:\/\/www.gmfdupetitbois.ca\/wp\/index.php?rest_route=\/wp\/v2\/pages\/70\/revisions"}],"predecessor-version":[{"id":713,"href":"http:\/\/www.gmfdupetitbois.ca\/wp\/index.php?rest_route=\/wp\/v2\/pages\/70\/revisions\/713"}],"wp:featuredmedia":[{"embeddable":true,"href":"http:\/\/www.gmfdupetitbois.ca\/wp\/index.php?rest_route=\/wp\/v2\/media\/178"}],"wp:attachment":[{"href":"http:\/\/www.gmfdupetitbois.ca\/wp\/index.php?rest_route=%2Fwp%2Fv2%2Fmedia&parent=70"}],"curies":[{"name":"wp","href":"https:\/\/api.w.org\/{rel}","templated":true}]}}