{"id":68,"date":"2022-03-03T14:23:45","date_gmt":"2022-03-03T19:23:45","guid":{"rendered":"http:\/\/www.gmfdupetitbois.ca\/wp\/?page_id=68"},"modified":"2026-04-21T23:30:57","modified_gmt":"2026-04-22T03:30:57","slug":"conseils-pratiques","status":"publish","type":"page","link":"http:\/\/www.gmfdupetitbois.ca\/wp\/?page_id=68","title":{"rendered":""},"content":{"rendered":"<h3 style=\"text-align: left;\">Maladies chroniques<\/h3>\n<p style=\"text-align: left;\"><a href=\"https:\/\/sqha2.hypertension.qc.ca\/wp-content\/uploads\/2019\/05\/SQHA-GrilledemesuresPA-VersionNumerique-2019.pdf\">Mesurer sa tension art\u00e9rielle \u00e0 domicile<\/a><\/p>\n<p style=\"text-align: left;\"><a href=\"http:\/\/www.gmfdupetitbois.ca\/wp\/wp-content\/uploads\/2022\/03\/Comment-prendre-sa-TA-.pdf\">Comment prendre sa tension art\u00e9rielle <\/a><\/p>\n<p style=\"text-align: left;\"><a href=\"http:\/\/www.gmfdupetitbois.ca\/wp\/wp-content\/uploads\/2022\/03\/Journal-de-glycemie-patient-sous-insuline.pdf\">Journal de glyc\u00e9mie capillaire pour patient sous insuline\u00a0<\/a><\/p>\n<p style=\"text-align: left;\"><a href=\"http:\/\/www.gmfdupetitbois.ca\/wp\/wp-content\/uploads\/2022\/03\/Diabete-Canada-Registre-de-glycemies.pdf\">Journal de glyc\u00e9mie capillaire pour patient sans insuline<\/a><\/p>\n<h3 style=\"text-align: center;\"><\/h3>\n<h3><img loading=\"lazy\" decoding=\"async\" class=\"aligncenter size-full wp-image-176\" src=\"http:\/\/www.gmfdupetitbois.ca\/wp\/wp-content\/uploads\/2022\/03\/Enfant.jpg\" alt=\"\" width=\"1920\" height=\"1280\" srcset=\"http:\/\/www.gmfdupetitbois.ca\/wp\/wp-content\/uploads\/2022\/03\/Enfant.jpg 1920w, http:\/\/www.gmfdupetitbois.ca\/wp\/wp-content\/uploads\/2022\/03\/Enfant-300x200.jpg 300w, http:\/\/www.gmfdupetitbois.ca\/wp\/wp-content\/uploads\/2022\/03\/Enfant-1024x683.jpg 1024w, http:\/\/www.gmfdupetitbois.ca\/wp\/wp-content\/uploads\/2022\/03\/Enfant-768x512.jpg 768w, http:\/\/www.gmfdupetitbois.ca\/wp\/wp-content\/uploads\/2022\/03\/Enfant-1536x1024.jpg 1536w, http:\/\/www.gmfdupetitbois.ca\/wp\/wp-content\/uploads\/2022\/03\/Enfant-1568x1045.jpg 1568w\" sizes=\"auto, (max-width: 1920px) 100vw, 1920px\" \/><\/h3>\n<h3 style=\"text-align: left;\">Maternit\u00e9 et enfants<\/h3>\n<p><a href=\"http:\/\/www.gmfdupetitbois.ca\/wp\/wp-content\/uploads\/2026\/01\/aide-memoire-grossesse.pdf\">Nouvelle grossesse aide-m\u00e9moire 1er rendez-vous<\/a><\/p>\n<p><a href=\"http:\/\/www.gmfdupetitbois.ca\/wp\/wp-content\/uploads\/2022\/03\/Petit_guide_grossesse_et_allaitement-protege-1.pdf\">Guide sur la grossesse et l&rsquo;allaitement<\/a><\/p>\n<p><a href=\"https:\/\/www.santemonteregie.qc.ca\/est\/nouveaux-parents-et-soins-du-bebe\">Tout pour prendre soins de vous et de b\u00e9b\u00e9 de la grossesse et apr\u00e8s l&rsquo;accouchement.\u00a0 11 capsules vid\u00e9os.<\/a><\/p>\n<p><a href=\"https:\/\/www.pregnancyinfo.ca\/fr\/\">Renseignements factuels sur la grossesse et l\u2019accouchement offerts par les sp\u00e9cialistes canadiens du domaine<\/a><\/p>\n<p><a href=\"https:\/\/naitreetgrandir.com\/fr\/infolettre\/?gclid=Cj0KCQjwuMuRBhCJARIsAHXdnqM6PziKR9V23-bnRwJPw-ziaxGhxLc3_FEqhIYtWHiRse0PiIDfwbMaAs0SEALw_wcB\">Naitre et grandir pour s&rsquo;inscrire \u00e0 l&rsquo;infolettre<\/a><\/p>\n<p><a href=\"https:\/\/www.youtube.com\/watch?v=ypAcTL0hq94\">Vid\u00e9o explicatif : comment se fait une version<\/a><\/p>\n<p style=\"text-align: center;\"><img loading=\"lazy\" decoding=\"async\" class=\"aligncenter size-full wp-image-177\" src=\"http:\/\/www.gmfdupetitbois.ca\/wp\/wp-content\/uploads\/2022\/03\/Grossesse.jpg\" alt=\"\" width=\"1920\" height=\"1280\" srcset=\"http:\/\/www.gmfdupetitbois.ca\/wp\/wp-content\/uploads\/2022\/03\/Grossesse.jpg 1920w, http:\/\/www.gmfdupetitbois.ca\/wp\/wp-content\/uploads\/2022\/03\/Grossesse-300x200.jpg 300w, http:\/\/www.gmfdupetitbois.ca\/wp\/wp-content\/uploads\/2022\/03\/Grossesse-1024x683.jpg 1024w, http:\/\/www.gmfdupetitbois.ca\/wp\/wp-content\/uploads\/2022\/03\/Grossesse-768x512.jpg 768w, http:\/\/www.gmfdupetitbois.ca\/wp\/wp-content\/uploads\/2022\/03\/Grossesse-1536x1024.jpg 1536w, http:\/\/www.gmfdupetitbois.ca\/wp\/wp-content\/uploads\/2022\/03\/Grossesse-1568x1045.jpg 1568w\" sizes=\"auto, (max-width: 1920px) 100vw, 1920px\" \/><\/p>\n","protected":false},"excerpt":{"rendered":"<p>Maladies chroniques Mesurer sa tension art\u00e9rielle \u00e0 domicile Comment prendre sa tension art\u00e9rielle Journal de glyc\u00e9mie capillaire pour patient sous insuline\u00a0 Journal de glyc\u00e9mie capillaire pour patient sans insuline Maternit\u00e9 et enfants Nouvelle grossesse aide-m\u00e9moire 1er rendez-vous Guide sur la grossesse et l&rsquo;allaitement Tout pour prendre soins de vous et de b\u00e9b\u00e9 de la grossesse<a class=\"more-link\" href=\"http:\/\/www.gmfdupetitbois.ca\/wp\/?page_id=68\">Lire la suite <\/a><\/p>\n","protected":false},"author":1,"featured_media":0,"parent":0,"menu_order":0,"comment_status":"closed","ping_status":"closed","template":"","meta":{"footnotes":""},"class_list":["post-68","page","type-page","status-publish","hentry","entry"],"_links":{"self":[{"href":"http:\/\/www.gmfdupetitbois.ca\/wp\/index.php?rest_route=\/wp\/v2\/pages\/68","targetHints":{"allow":["GET"]}}],"collection":[{"href":"http:\/\/www.gmfdupetitbois.ca\/wp\/index.php?rest_route=\/wp\/v2\/pages"}],"about":[{"href":"http:\/\/www.gmfdupetitbois.ca\/wp\/index.php?rest_route=\/wp\/v2\/types\/page"}],"author":[{"embeddable":true,"href":"http:\/\/www.gmfdupetitbois.ca\/wp\/index.php?rest_route=\/wp\/v2\/users\/1"}],"replies":[{"embeddable":true,"href":"http:\/\/www.gmfdupetitbois.ca\/wp\/index.php?rest_route=%2Fwp%2Fv2%2Fcomments&post=68"}],"version-history":[{"count":59,"href":"http:\/\/www.gmfdupetitbois.ca\/wp\/index.php?rest_route=\/wp\/v2\/pages\/68\/revisions"}],"predecessor-version":[{"id":711,"href":"http:\/\/www.gmfdupetitbois.ca\/wp\/index.php?rest_route=\/wp\/v2\/pages\/68\/revisions\/711"}],"wp:attachment":[{"href":"http:\/\/www.gmfdupetitbois.ca\/wp\/index.php?rest_route=%2Fwp%2Fv2%2Fmedia&parent=68"}],"curies":[{"name":"wp","href":"https:\/\/api.w.org\/{rel}","templated":true}]}}