{"id":64,"date":"2022-03-03T14:06:24","date_gmt":"2022-03-03T19:06:24","guid":{"rendered":"http:\/\/www.gmfdupetitbois.ca\/wp\/?page_id=64"},"modified":"2026-03-22T23:24:05","modified_gmt":"2026-03-23T03:24:05","slug":"carnet-sante-quebec","status":"publish","type":"page","link":"http:\/\/www.gmfdupetitbois.ca\/wp\/?page_id=64","title":{"rendered":"Nos partenaires"},"content":{"rendered":"<h4><strong><img loading=\"lazy\" decoding=\"async\" class=\"alignnone wp-image-623\" src=\"http:\/\/www.gmfdupetitbois.ca\/wp\/wp-content\/uploads\/2026\/03\/Capture-decran-le-2026-03-17-a-15.01.51-300x100.png\" alt=\"\" width=\"183\" height=\"61\" srcset=\"http:\/\/www.gmfdupetitbois.ca\/wp\/wp-content\/uploads\/2026\/03\/Capture-decran-le-2026-03-17-a-15.01.51-300x100.png 300w, http:\/\/www.gmfdupetitbois.ca\/wp\/wp-content\/uploads\/2026\/03\/Capture-decran-le-2026-03-17-a-15.01.51.png 315w\" sizes=\"auto, (max-width: 183px) 100vw, 183px\" \/><\/strong><\/h4>\n<h4><strong>Clinique Komini<\/strong><\/h4>\n<p class=\"isSelectedEnd\">La <strong>Clinique Komini<\/strong> offre des services de soins infirmiers priv\u00e9s et abordables dans nos locaux afin de compl\u00e9ter l\u2019offre de services disponibles pour les patients.<\/p>\n<ul data-spread=\"false\">\n<li>\n<p class=\"isSelectedEnd\">Pr\u00e9l\u00e8vements sanguins<\/p>\n<\/li>\n<li>\n<p class=\"isSelectedEnd\">Injections et vaccinations<\/p>\n<\/li>\n<li>\n<p class=\"isSelectedEnd\">Soins de plaies<\/p>\n<\/li>\n<li>\n<p class=\"isSelectedEnd\">Autres soins infirmiers selon les besoins<\/p>\n<\/li>\n<\/ul>\n<p class=\"isSelectedEnd\">Pour obtenir plus d\u2019information ou pour prendre rendez-vous, <strong>communiquer directement avec la Clinique <a href=\"https:\/\/www.komini.ca\">Komini<\/a><\/strong>.<\/p>\n<p>&nbsp;<\/p>\n<h4><strong><img loading=\"lazy\" decoding=\"async\" class=\"alignnone wp-image-625\" src=\"http:\/\/www.gmfdupetitbois.ca\/wp\/wp-content\/uploads\/2026\/03\/Image-6-300x68.jpg\" alt=\"\" width=\"212\" height=\"48\" srcset=\"http:\/\/www.gmfdupetitbois.ca\/wp\/wp-content\/uploads\/2026\/03\/Image-6-300x68.jpg 300w, http:\/\/www.gmfdupetitbois.ca\/wp\/wp-content\/uploads\/2026\/03\/Image-6-1024x232.jpg 1024w, http:\/\/www.gmfdupetitbois.ca\/wp\/wp-content\/uploads\/2026\/03\/Image-6-768x174.jpg 768w, http:\/\/www.gmfdupetitbois.ca\/wp\/wp-content\/uploads\/2026\/03\/Image-6.jpg 1300w\" sizes=\"auto, (max-width: 212px) 100vw, 212px\" \/><\/strong><\/h4>\n<h4><strong>Pour mieux entendre &#8211; D\u00e9pistage auditif gratuit<\/strong><\/h4>\n<p class=\"isSelectedEnd\">En collaboration avec la clinique auditive Pour mieux entendre, des d\u00e9pistages auditifs gratuits <strong>\u00e0 la clinique<\/strong>, sont offerts \u00e0 la client\u00e8le suivante:<\/p>\n<ul>\n<li>Personnes \u00e2g\u00e9es de 65 ans et plus<\/li>\n<li>Travailleurs en milieu de travail bruyant<\/li>\n<li>Personne ayant une l\u00e9sion qui peut mener \u00e0 une suspicion de perte auditive ET dont la baisse d&rsquo;audition n&rsquo;a jamais \u00e9t\u00e9 diagnostiqu\u00e9e.<\/li>\n<\/ul>\n<p class=\"isSelectedEnd\">Aucune r\u00e9f\u00e9rence m\u00e9dicale n\u00e9cessaire. Pour prendre rendez-vous, contacter notre le secr\u00e9tariat.<\/p>\n<h6>*Veuillez noter que ces services sont <strong>distincts des services m\u00e9dicaux offerts par la clinique.<\/strong><\/h6>\n<p>&nbsp;<\/p>\n","protected":false},"excerpt":{"rendered":"<p>Clinique Komini La Clinique Komini offre des services de soins infirmiers priv\u00e9s et abordables dans nos locaux afin de compl\u00e9ter l\u2019offre de services disponibles pour les patients. Pr\u00e9l\u00e8vements sanguins Injections et vaccinations Soins de plaies Autres soins infirmiers selon les besoins Pour obtenir plus d\u2019information ou pour prendre rendez-vous, communiquer directement avec la Clinique Komini.<a class=\"more-link\" href=\"http:\/\/www.gmfdupetitbois.ca\/wp\/?page_id=64\">Lire la suite <span class=\"screen-reader-text\">\u00ab\u00a0Nos partenaires\u00a0\u00bb<\/span><\/a><\/p>\n","protected":false},"author":1,"featured_media":0,"parent":0,"menu_order":0,"comment_status":"closed","ping_status":"closed","template":"","meta":{"footnotes":""},"class_list":["post-64","page","type-page","status-publish","hentry","entry"],"_links":{"self":[{"href":"http:\/\/www.gmfdupetitbois.ca\/wp\/index.php?rest_route=\/wp\/v2\/pages\/64","targetHints":{"allow":["GET"]}}],"collection":[{"href":"http:\/\/www.gmfdupetitbois.ca\/wp\/index.php?rest_route=\/wp\/v2\/pages"}],"about":[{"href":"http:\/\/www.gmfdupetitbois.ca\/wp\/index.php?rest_route=\/wp\/v2\/types\/page"}],"author":[{"embeddable":true,"href":"http:\/\/www.gmfdupetitbois.ca\/wp\/index.php?rest_route=\/wp\/v2\/users\/1"}],"replies":[{"embeddable":true,"href":"http:\/\/www.gmfdupetitbois.ca\/wp\/index.php?rest_route=%2Fwp%2Fv2%2Fcomments&post=64"}],"version-history":[{"count":16,"href":"http:\/\/www.gmfdupetitbois.ca\/wp\/index.php?rest_route=\/wp\/v2\/pages\/64\/revisions"}],"predecessor-version":[{"id":642,"href":"http:\/\/www.gmfdupetitbois.ca\/wp\/index.php?rest_route=\/wp\/v2\/pages\/64\/revisions\/642"}],"wp:attachment":[{"href":"http:\/\/www.gmfdupetitbois.ca\/wp\/index.php?rest_route=%2Fwp%2Fv2%2Fmedia&parent=64"}],"curies":[{"name":"wp","href":"https:\/\/api.w.org\/{rel}","templated":true}]}}