{"id":61,"date":"2022-03-03T13:58:32","date_gmt":"2022-03-03T18:58:32","guid":{"rendered":"http:\/\/www.gmfdupetitbois.ca\/wp\/?page_id=61"},"modified":"2026-03-22T23:22:53","modified_gmt":"2026-03-23T03:22:53","slug":"portail-patient","status":"publish","type":"page","link":"http:\/\/www.gmfdupetitbois.ca\/wp\/?page_id=61","title":{"rendered":"Portail POMELO par Telus Sant\u00e9"},"content":{"rendered":"<h4 style=\"text-align: left;\"><span style=\"color: #333333;\"><strong>Le portail est une plateforme num\u00e9rique s\u00e9curitaire, utilis\u00e9e pour g\u00e9rer la prise de rendez-vous m\u00e9dicaux et la communication entre le patient et son professionnel de la sant\u00e9 et vous permet de:<\/strong><\/span><\/h4>\n<ul>\n<li style=\"text-align: left;\">\n<h5><span style=\"color: #808080;\"><strong>Prendre, g\u00e9rer ou modifier vos rendez-vous en ligne. <\/strong>Vous pouvez choisir votre plage horaire disponible, confirmer, annuler ou reporter un rendez-vous directement depuis le portail.<\/span><\/h5>\n<\/li>\n<li style=\"text-align: left;\">\n<h6><span style=\"color: #808080;\"><strong style=\"font-family: var(--font-headings, 'PT Serif', Times, sans-serif); font-size: 1.2em;\">Recevoir des documents m\u00e9dicaux:<\/strong><span style=\"font-family: var(--font-headings, 'PT Serif', Times, sans-serif); font-size: 1.2em;\"> Par exemple, votre professionnel de la sant\u00e9 peut d\u00e9poser un r\u00e9sultat, une requ\u00eate, une r\u00e9f\u00e9rence ou tout autres documents, \u00e0 votre attention sur le Portail.<\/span><\/span><\/h6>\n<\/li>\n<li style=\"text-align: left;\">\n<h6><span style=\"color: #808080;\"><strong style=\"font-family: var(--font-headings, 'PT Serif', Times, sans-serif); font-size: 1.2em;\">Envoyer des formulaires, rapports ou autre:<\/strong><span style=\"font-family: var(--font-headings, 'PT Serif', Times, sans-serif); font-size: 1.2em;\"> \u00c0 la demande de votre professionnel de la sant\u00e9, vous pourrez d\u00e9poser, de mani\u00e8re s\u00e9curitaire, des documents, formulaires ou rapports de sp\u00e9cialistes \u00e0 transmettre \u00e0 la clinique.<\/span><\/span><\/h6>\n<\/li>\n<\/ul>\n<h3><a href=\"https:\/\/qc.pomelo.health\/gmfdupetitbois\" target=\"_blank\" rel=\"noopener\"><img loading=\"lazy\" decoding=\"async\" class=\"aligncenter wp-image-118 size-full\" src=\"http:\/\/www.gmfdupetitbois.ca\/wp\/wp-content\/uploads\/2022\/03\/ButtonPortailPatient.png\" alt=\"\" width=\"436\" height=\"100\" srcset=\"http:\/\/www.gmfdupetitbois.ca\/wp\/wp-content\/uploads\/2022\/03\/ButtonPortailPatient.png 436w, http:\/\/www.gmfdupetitbois.ca\/wp\/wp-content\/uploads\/2022\/03\/ButtonPortailPatient-300x69.png 300w\" sizes=\"auto, (max-width: 436px) 100vw, 436px\" \/><\/a><\/h3>\n<h3 style=\"text-align: center;\"><strong>S&rsquo;enregistrer au Portail Pomelo via le courriel d&rsquo;invitation envoy\u00e9 par le secr\u00e9tariat de la clinique dans les 48h avant l&rsquo;expiration du lien.<\/strong><\/h3>\n<p style=\"text-align: left;\"><span style=\"color: #808080;\"><strong>Code d&rsquo;activation: <\/strong>Compos\u00e9 des quatre (4) derniers chiffres de votre carte d\u2019assurance maladie (RAMQ). Si vous n\u2019avez pas de carte RAMQ au dossier, votre date de naissance sera demand\u00e9e.<\/span><\/p>\n<p style=\"text-align: left;\"><span style=\"color: #808080;\"><strong>Adresse courriel: <\/strong>Si votre adresse courriel est d\u00e9j\u00e0 utilis\u00e9e pour vous connecter au Portail Pomelo d&rsquo;une autre clinique, utilisez <strong>une autre adresse courriel<\/strong> OU sur le bouton <em>\u201cNeed help? \/ Besoin d\u2019aide?\u201d<\/em> en bas \u00e0 droite de la page pour ouvrir un ticket technique aupr\u00e8s du soutien patient.<\/span><\/p>\n<p><span style=\"color: #808080;\"><strong>NIP<\/strong>: Cr\u00e9er un NIP, utile pour l&rsquo;assistance et la r\u00e9cup\u00e9ration du mot de passe, au besoin.<\/span><\/p>\n<p>&nbsp;<\/p>\n<h4><span style=\"color: #003366;\"><strong>Comptes connect\u00e9s<\/strong><\/span><\/h4>\n<ul>\n<li><span style=\"color: #808080;\">Vous pouvez connecter vos enfants de moins de 14 ans qui ont d\u00e9j\u00e0 un compte Pomelo au sein de la m\u00eame clinique en allant dans <strong>Param\u00e8tres du compte &gt; Comptes connect\u00e9s<\/strong>.<\/span><\/li>\n<li><span style=\"color: #808080;\">Veuillez inscrire le pr\u00e9nom, le nom de famille, la date de naissance et le num\u00e9ro d&rsquo;assurance-maladie. Apr\u00e8s avoir cr\u00e9\u00e9 la connexion, vous devrez vous d\u00e9connecter du portail et vous reconnecter pour v\u00e9rifier la connexion.<\/span><\/li>\n<li><span style=\"color: #808080;\">Pour les patients de 14 \u00e0 16\u00a0ans et plus qui ont un compte Pomelo dans la m\u00eame clinique, ils peuvent \u00e9tablir une connexion en proc\u00e9dant de la m\u00eame mani\u00e8re. Cependant, le patient avec lequel il tente de se connecter devra s&rsquo;enregistrer avec sa propre adresse courriel et donner son consentement pour g\u00e9rer son compte. Ce n&rsquo;est pas le cas des mineurs o\u00f9 le consentement est automatiquement accord\u00e9. Si la personne qu&rsquo;ils tentent de connecter n&rsquo;a pas de compte Pomelo dans la m\u00eame clinique, cr\u00e9ez un compte de proche aidant \u00e0 la place.<\/span><\/li>\n<li><span style=\"color: #808080;\">Si deux adultes partagent une adresse courriel, un seul adulte sera en mesure de s&rsquo;enregistrer; la clinique devra cr\u00e9er une connexion et accorder des permissions. Veuillez contacter le secr\u00e9tariat au 450-652-2222.<\/span><\/li>\n<\/ul>\n<h3 style=\"text-align: center;\"><\/h3>\n","protected":false},"excerpt":{"rendered":"<p>Le portail est une plateforme num\u00e9rique s\u00e9curitaire, utilis\u00e9e pour g\u00e9rer la prise de rendez-vous m\u00e9dicaux et la communication entre le patient et son professionnel de la sant\u00e9 et vous permet de: Prendre, g\u00e9rer ou modifier vos rendez-vous en ligne. Vous pouvez choisir votre plage horaire disponible, confirmer, annuler ou reporter un rendez-vous directement depuis le<a class=\"more-link\" href=\"http:\/\/www.gmfdupetitbois.ca\/wp\/?page_id=61\">Lire la suite <span class=\"screen-reader-text\">\u00ab\u00a0Portail POMELO par Telus Sant\u00e9\u00a0\u00bb<\/span><\/a><\/p>\n","protected":false},"author":1,"featured_media":0,"parent":0,"menu_order":0,"comment_status":"closed","ping_status":"closed","template":"","meta":{"footnotes":""},"class_list":["post-61","page","type-page","status-publish","hentry","entry"],"_links":{"self":[{"href":"http:\/\/www.gmfdupetitbois.ca\/wp\/index.php?rest_route=\/wp\/v2\/pages\/61","targetHints":{"allow":["GET"]}}],"collection":[{"href":"http:\/\/www.gmfdupetitbois.ca\/wp\/index.php?rest_route=\/wp\/v2\/pages"}],"about":[{"href":"http:\/\/www.gmfdupetitbois.ca\/wp\/index.php?rest_route=\/wp\/v2\/types\/page"}],"author":[{"embeddable":true,"href":"http:\/\/www.gmfdupetitbois.ca\/wp\/index.php?rest_route=\/wp\/v2\/users\/1"}],"replies":[{"embeddable":true,"href":"http:\/\/www.gmfdupetitbois.ca\/wp\/index.php?rest_route=%2Fwp%2Fv2%2Fcomments&post=61"}],"version-history":[{"count":26,"href":"http:\/\/www.gmfdupetitbois.ca\/wp\/index.php?rest_route=\/wp\/v2\/pages\/61\/revisions"}],"predecessor-version":[{"id":640,"href":"http:\/\/www.gmfdupetitbois.ca\/wp\/index.php?rest_route=\/wp\/v2\/pages\/61\/revisions\/640"}],"wp:attachment":[{"href":"http:\/\/www.gmfdupetitbois.ca\/wp\/index.php?rest_route=%2Fwp%2Fv2%2Fmedia&parent=61"}],"curies":[{"name":"wp","href":"https:\/\/api.w.org\/{rel}","templated":true}]}}