{"id":41,"date":"2022-03-03T09:45:38","date_gmt":"2022-03-03T14:45:38","guid":{"rendered":"http:\/\/www.gmfdupetitbois.ca\/wp\/?page_id=41"},"modified":"2026-04-21T23:27:14","modified_gmt":"2026-04-22T03:27:14","slug":"rendez-vous","status":"publish","type":"page","link":"http:\/\/www.gmfdupetitbois.ca\/wp\/?page_id=41","title":{"rendered":"Prendre rendez-vous"},"content":{"rendered":"<h5 style=\"text-align: left;\"><strong><span style=\"color: #000000;\">1) Prise de rendez-vous &#8211; Patients inscrits <u>individuellement<\/u><\/span><\/strong><\/h5>\n<h5 style=\"text-align: left;\"><strong>Si vous \u00eates inscrit aupr\u00e8s d\u2019un m\u00e9decin de famille ou d\u2019une IPS de notre clinique, vous pouvez prendre rendez-vous de l\u2019une des fa\u00e7ons suivantes :<\/strong><\/h5>\n<ul>\n<li style=\"text-align: left;\"><strong>En ligne via<\/strong>\u00a0<a href=\"https:\/\/www.rvsq.gouv.qc.ca\/accueil\/index.html\">RVSQ<\/a> (Rendez-vous Sant\u00e9 Qu\u00e9bec)<\/li>\n<li style=\"text-align: left;\">Via votre <a href=\"https:\/\/qc.pomelo.health\/gmfdupetitbois#\/\">Portail patient<\/a><\/li>\n<li>Par t\u00e9l\u00e9phone, durant les heures ouvrables.<\/li>\n<\/ul>\n<p style=\"text-align: left;\">* Si votre \u00e9tat de sant\u00e9 requiert un rendez-vous plus urgent, appelez le 811 ou le 911.<\/p>\n<hr \/>\n<h5 style=\"text-align: left;\"><strong><span style=\"color: #000000;\">2) Prise de rendez-vous &#8211; <\/span><span style=\"color: #000000;\">Patients inscrits <u>collectivement (GAP)<\/u><\/span><\/strong><\/h5>\n<h5 style=\"text-align: left;\"><strong>Si vous \u00eates inscrit \u00e0 notre groupe de m\u00e9decins (GAP) et avez re\u00e7u une lettre de confirmation :<\/strong><\/h5>\n<ul>\n<li style=\"text-align: left;\"><span style=\"font-family: var(--font-base, 'PT Sans', Arial, sans-serif);\">Contacter le <strong>811 option 3<\/strong><\/span><\/li>\n<li style=\"text-align: left;\"><span style=\"font-family: var(--font-base, 'PT Sans', Arial, sans-serif);\">Visiter le <strong><a href=\"https:\/\/gap.soinsvirtuels.gouv.qc.ca\/fr\">GAP NUM\u00c9RIQUE\u00a0<\/a><\/strong><\/span><\/li>\n<\/ul>\n<hr \/>\n<h3 style=\"text-align: left;\"><span style=\"color: #008000;\">Ce que vous devez apporter lors de votre visite m\u00e9dicale<\/span><\/h3>\n<ul>\n<li>Liste de vos m\u00e9dicaments<\/li>\n<li>Relev\u00e9 de votre tension art\u00e9rielle (au besoin)<\/li>\n<li>Carnet de glyc\u00e9mie<\/li>\n<li>Carte d\u2019assurance maladie (RAMQ) <strong>valide<\/strong><\/li>\n<li>Carnet de vaccination (enfant 0 \u00e0 5 ans)<\/li>\n<\/ul>\n<hr \/>\n<h6 style=\"text-align: center;\" data-start=\"0\" data-end=\"148\"><strong><span style=\"color: #ff0000;\">Pour annuler un rendez-vous, veuillez composer le 450-652-2222 et s\u00e9lectionner l\u2019option 3 afin de laisser un message en tout temps (24 h\/24, 7 j\/7).<\/span><\/strong><\/h6>\n<h6 style=\"text-align: center;\" data-start=\"150\" data-end=\"261\"><strong><span style=\"color: #ff0000;\">Des frais de 30 $ peuvent s\u2019appliquer pour tout rendez-vous manqu\u00e9 ou annul\u00e9 \u00e0 moins de 24 heures de pr\u00e9avis.<\/span><\/strong><\/h6>\n","protected":false},"excerpt":{"rendered":"<p>1) Prise de rendez-vous &#8211; Patients inscrits individuellement Si vous \u00eates inscrit aupr\u00e8s d\u2019un m\u00e9decin de famille ou d\u2019une IPS de notre clinique, vous pouvez prendre rendez-vous de l\u2019une des fa\u00e7ons suivantes : En ligne via\u00a0RVSQ (Rendez-vous Sant\u00e9 Qu\u00e9bec) Via votre Portail patient Par t\u00e9l\u00e9phone, durant les heures ouvrables. * Si votre \u00e9tat de sant\u00e9<a class=\"more-link\" href=\"http:\/\/www.gmfdupetitbois.ca\/wp\/?page_id=41\">Lire la suite <span class=\"screen-reader-text\">\u00ab\u00a0Prendre rendez-vous\u00a0\u00bb<\/span><\/a><\/p>\n","protected":false},"author":1,"featured_media":179,"parent":0,"menu_order":0,"comment_status":"closed","ping_status":"closed","template":"","meta":{"footnotes":""},"class_list":["post-41","page","type-page","status-publish","has-post-thumbnail","hentry","entry"],"_links":{"self":[{"href":"http:\/\/www.gmfdupetitbois.ca\/wp\/index.php?rest_route=\/wp\/v2\/pages\/41","targetHints":{"allow":["GET"]}}],"collection":[{"href":"http:\/\/www.gmfdupetitbois.ca\/wp\/index.php?rest_route=\/wp\/v2\/pages"}],"about":[{"href":"http:\/\/www.gmfdupetitbois.ca\/wp\/index.php?rest_route=\/wp\/v2\/types\/page"}],"author":[{"embeddable":true,"href":"http:\/\/www.gmfdupetitbois.ca\/wp\/index.php?rest_route=\/wp\/v2\/users\/1"}],"replies":[{"embeddable":true,"href":"http:\/\/www.gmfdupetitbois.ca\/wp\/index.php?rest_route=%2Fwp%2Fv2%2Fcomments&post=41"}],"version-history":[{"count":65,"href":"http:\/\/www.gmfdupetitbois.ca\/wp\/index.php?rest_route=\/wp\/v2\/pages\/41\/revisions"}],"predecessor-version":[{"id":709,"href":"http:\/\/www.gmfdupetitbois.ca\/wp\/index.php?rest_route=\/wp\/v2\/pages\/41\/revisions\/709"}],"wp:featuredmedia":[{"embeddable":true,"href":"http:\/\/www.gmfdupetitbois.ca\/wp\/index.php?rest_route=\/wp\/v2\/media\/179"}],"wp:attachment":[{"href":"http:\/\/www.gmfdupetitbois.ca\/wp\/index.php?rest_route=%2Fwp%2Fv2%2Fmedia&parent=41"}],"curies":[{"name":"wp","href":"https:\/\/api.w.org\/{rel}","templated":true}]}}